{"id":11,"date":"2026-02-24T09:04:51","date_gmt":"2026-02-24T08:04:51","guid":{"rendered":"https:\/\/talentmc.fr\/?page_id=11"},"modified":"2026-03-19T14:58:02","modified_gmt":"2026-03-19T13:58:02","slug":"accueil","status":"publish","type":"page","link":"https:\/\/talentmc.fr\/","title":{"rendered":"Accueil"},"content":{"rendered":"\n<figure class=\"wp-block-video alignfull\"><video height=\"1080\" style=\"aspect-ratio: 1920 \/ 1080;\" width=\"1920\" controls loop poster=\"http:\/\/talentmc.fr\/wp-content\/uploads\/2026\/03\/Capture-decran-2026-03-19-145727.png\" src=\"https:\/\/talentmc.fr\/wp-content\/uploads\/2026\/03\/Video-TMC-avec-son-1.mp4\" playsinline><\/video><\/figure>\n\n\n\n<div class=\"wp-block-group alignfull has-background has-global-padding is-layout-constrained wp-container-core-group-is-layout-6dfc0fb4 wp-block-group-is-layout-constrained\" style=\"background-color:#181818;margin-top:0;margin-bottom:0;padding-top:5.5rem;padding-right:1rem;padding-bottom:6rem;padding-left:1rem\">\n<h2 class=\"wp-block-heading has-text-align-center animated fadeInDown slow has-text-color\" style=\"color:#c6a27c;font-size:clamp(1.837rem, 1.837rem + ((1vw - 0.2rem) * 2.478), 3.2rem);font-style:normal;font-weight:700\">Connecting People<\/h2>\n\n\n\n<p class=\"has-text-align-center animated fadeInDown slow delay-500ms has-text-color has-link-color wp-elements-7c6119861bc42025f6bcb21d8e0187e2\" style=\"color:#ffffff;margin-top:2rem;margin-bottom:30px;font-size:clamp(0.875rem, 0.875rem + ((1vw - 0.2rem) * 0.773), 1.3rem);\">Talent Management Consulting accompagne jeunes talents et joueurs professionnels dans la gestion et le d\u00e9veloppement strat\u00e9gique de leur carri\u00e8re.<\/p>\n\n\n\n<p class=\"has-text-align-center animated fadeInDown slow delay-500ms has-text-color has-link-color wp-elements-45dc150748816111745220819b5e270a\" style=\"color:#fefefe;margin-top:2rem;margin-bottom:30px;font-size:clamp(0.875rem, 0.875rem + ((1vw - 0.2rem) * 0.773), 1.3rem);\">Notre mission est simple : s\u00e9curiser votre pr\u00e9sent, structurer votre progression et construire votre avenir.<\/p>\n\n\n\n<div class=\"wp-block-group has-global-padding is-content-justification-center is-layout-constrained wp-container-core-group-is-layout-2f0bcb29 wp-block-group-is-layout-constrained\" style=\"margin-top:0px\">\n<div class=\"wp-block-buttons is-horizontal is-content-justification-right is-layout-flex wp-container-core-buttons-is-layout-099266fd wp-block-buttons-is-layout-flex\" style=\"margin-top:0.51rem\">\n<div class=\"wp-block-button has-custom-width wp-block-button__width-100 is-style-fill animated fadeInDown slow delay-500ms\"><a class=\"wp-block-button__link has-text-color has-background has-custom-font-size wp-element-button\" href=\"https:\/\/talentmc.fr\/index.php\/lagence\/\" style=\"border-style:none;border-width:0px;border-top-left-radius:10px;border-top-right-radius:10px;border-bottom-left-radius:10px;border-bottom-right-radius:10px;color:#fffffd;background-color:#c6a27c;padding-top:0.71rem;padding-right:0.31rem;padding-bottom:0.71rem;padding-left:0.31rem;font-size:clamp(0.875rem, 0.875rem + ((1vw - 0.2rem) * 0.245), 1.01rem);font-style:normal;font-weight:600;line-height:1.5;text-transform:uppercase\">Nous d\u00e9couvrir<\/a><\/div>\n<\/div>\n<\/div>\n<\/div>\n\n\n\n<section class=\"wp-block-group alignfull has-text-color has-background has-global-padding is-layout-constrained wp-container-core-group-is-layout-b5443c8e wp-block-group-is-layout-constrained\" style=\"border-style:none;border-width:0px;color:#3e3e3e;background-color:#181818;min-height:0px;margin-top:0px;padding-top:0rem;padding-right:var(--wp--preset--spacing--40);padding-bottom:0rem;padding-left:var(--wp--preset--spacing--40);font-size:clamp(0.875rem, 0.875rem + ((1vw - 0.2rem) * 0.464), 1.13rem);font-style:normal;font-weight:400;line-height:1.4\">\n<h2 class=\"wp-block-heading has-text-align-center animated fadeIn slow has-text-color\" style=\"color:#c6a27c;font-size:clamp(1.837rem, 1.837rem + ((1vw - 0.2rem) * 2.478), 3.2rem);font-style:normal;font-weight:700\">Ce que nous proposons<\/h2>\n\n\n\n<div style=\"height:9px\" aria-hidden=\"true\" class=\"wp-block-spacer\"><\/div>\n\n\n\n<div class=\"wp-block-group alignfull is-layout-flow wp-block-group-is-layout-flow\" style=\"margin-top:0px;margin-bottom:0px;padding-top:0rem;padding-right:1px;padding-bottom:2.01rem;padding-left:1px\">\n<div class=\"wp-block-columns alignfull is-layout-flex wp-container-core-columns-is-layout-35290b6f wp-block-columns-is-layout-flex\" style=\"padding-top:0rem\">\n<div class=\"wp-block-column is-layout-flow wp-block-column-is-layout-flow\" style=\"padding-top:1rem;padding-right:0rem;padding-bottom:1rem;padding-left:0rem\">\n<div class=\"wp-block-cover animated slideInLeft slow delay-500ms\" style=\"padding-right:0.51rem;padding-left:0.51rem;min-height:390px;aspect-ratio:unset;\"><img loading=\"lazy\" decoding=\"async\" width=\"1024\" height=\"683\" class=\"wp-block-cover__image-background wp-image-66 size-large\" alt=\"\" src=\"https:\/\/talentmc.fr\/wp-content\/uploads\/2026\/02\/ambre-esteve-gdCwuKCuJWY-unsplas-1024x683.jpg\" data-object-fit=\"cover\" srcset=\"https:\/\/talentmc.fr\/wp-content\/uploads\/2026\/02\/ambre-esteve-gdCwuKCuJWY-unsplas-1024x683.jpg 1024w, https:\/\/talentmc.fr\/wp-content\/uploads\/2026\/02\/ambre-esteve-gdCwuKCuJWY-unsplas-300x200.jpg 300w, https:\/\/talentmc.fr\/wp-content\/uploads\/2026\/02\/ambre-esteve-gdCwuKCuJWY-unsplas-768x512.jpg 768w, https:\/\/talentmc.fr\/wp-content\/uploads\/2026\/02\/ambre-esteve-gdCwuKCuJWY-unsplas-1536x1024.jpg 1536w, https:\/\/talentmc.fr\/wp-content\/uploads\/2026\/02\/ambre-esteve-gdCwuKCuJWY-unsplas.jpg 1920w\" sizes=\"auto, (max-width: 1024px) 100vw, 1024px\" \/><span aria-hidden=\"true\" class=\"wp-block-cover__background has-black-background-color has-background-dim-30 has-background-dim\"><\/span><div class=\"wp-block-cover__inner-container has-global-padding is-layout-constrained wp-container-core-cover-is-layout-1a3bd245 wp-block-cover-is-layout-constrained\">\n<h3 class=\"wp-block-heading has-text-align-center has-text-color\" style=\"color:#fffffd;font-size:clamp(1.507rem, 1.507rem + ((1vw - 0.2rem) * 1.824), 2.51rem);\">Gestion de carri\u00e8re<\/h3>\n<\/div><\/div>\n<\/div>\n\n\n\n<div class=\"wp-block-column is-layout-flow wp-block-column-is-layout-flow\" style=\"padding-top:1rem;padding-right:0rem;padding-bottom:1rem;padding-left:0rem\">\n<div class=\"wp-block-cover animated slideInLeft slow\" style=\"padding-right:0.51rem;padding-left:0.51rem;min-height:390px;aspect-ratio:unset;\"><img loading=\"lazy\" decoding=\"async\" width=\"903\" height=\"1024\" class=\"wp-block-cover__image-background wp-image-64 size-large\" alt=\"\" src=\"https:\/\/talentmc.fr\/wp-content\/uploads\/2026\/02\/signature-pro-r99-Kg4_MGU-unsplash-903x1024.jpg\" data-object-fit=\"cover\" srcset=\"https:\/\/talentmc.fr\/wp-content\/uploads\/2026\/02\/signature-pro-r99-Kg4_MGU-unsplash-903x1024.jpg 903w, https:\/\/talentmc.fr\/wp-content\/uploads\/2026\/02\/signature-pro-r99-Kg4_MGU-unsplash-264x300.jpg 264w, https:\/\/talentmc.fr\/wp-content\/uploads\/2026\/02\/signature-pro-r99-Kg4_MGU-unsplash-768x871.jpg 768w, https:\/\/talentmc.fr\/wp-content\/uploads\/2026\/02\/signature-pro-r99-Kg4_MGU-unsplash-1354x1536.jpg 1354w, https:\/\/talentmc.fr\/wp-content\/uploads\/2026\/02\/signature-pro-r99-Kg4_MGU-unsplash-1805x2048.jpg 1805w, https:\/\/talentmc.fr\/wp-content\/uploads\/2026\/02\/signature-pro-r99-Kg4_MGU-unsplash.jpg 1920w\" sizes=\"auto, (max-width: 903px) 100vw, 903px\" \/><span aria-hidden=\"true\" class=\"wp-block-cover__background has-black-background-color has-background-dim-40 has-background-dim\"><\/span><div class=\"wp-block-cover__inner-container has-global-padding is-layout-constrained wp-container-core-cover-is-layout-1a3bd245 wp-block-cover-is-layout-constrained\">\n<h3 class=\"wp-block-heading has-text-align-center has-text-color\" style=\"color:#fffffd;font-size:clamp(1.403rem, 1.403rem + ((1vw - 0.2rem) * 1.631), 2.3rem);\">Conseil juridique et financier<\/h3>\n<\/div><\/div>\n<\/div>\n\n\n\n<div class=\"wp-block-column is-layout-flow wp-block-column-is-layout-flow\" style=\"padding-top:1rem;padding-right:0rem;padding-bottom:1rem;padding-left:0rem\">\n<div class=\"wp-block-cover animated slideInRight slow\" style=\"padding-right:0.51rem;padding-left:0.51rem;min-height:390px;aspect-ratio:unset;\"><img loading=\"lazy\" decoding=\"async\" width=\"683\" height=\"1024\" class=\"wp-block-cover__image-background wp-image-67 size-large\" alt=\"\" src=\"https:\/\/talentmc.fr\/wp-content\/uploads\/2026\/02\/berke-citak-0cpyFsSUiSc-unsplash-2-683x1024.jpg\" data-object-fit=\"cover\" srcset=\"https:\/\/talentmc.fr\/wp-content\/uploads\/2026\/02\/berke-citak-0cpyFsSUiSc-unsplash-2-683x1024.jpg 683w, https:\/\/talentmc.fr\/wp-content\/uploads\/2026\/02\/berke-citak-0cpyFsSUiSc-unsplash-2-200x300.jpg 200w, https:\/\/talentmc.fr\/wp-content\/uploads\/2026\/02\/berke-citak-0cpyFsSUiSc-unsplash-2-768x1152.jpg 768w, https:\/\/talentmc.fr\/wp-content\/uploads\/2026\/02\/berke-citak-0cpyFsSUiSc-unsplash-2-1024x1536.jpg 1024w, https:\/\/talentmc.fr\/wp-content\/uploads\/2026\/02\/berke-citak-0cpyFsSUiSc-unsplash-2-1365x2048.jpg 1365w, https:\/\/talentmc.fr\/wp-content\/uploads\/2026\/02\/berke-citak-0cpyFsSUiSc-unsplash-2-scaled.jpg 1707w\" sizes=\"auto, (max-width: 683px) 100vw, 683px\" \/><span aria-hidden=\"true\" class=\"wp-block-cover__background has-black-background-color has-background-dim-40 has-background-dim\"><\/span><div class=\"wp-block-cover__inner-container has-global-padding is-layout-constrained wp-container-core-cover-is-layout-1a3bd245 wp-block-cover-is-layout-constrained\">\n<h3 class=\"wp-block-heading has-text-align-center has-text-color\" style=\"color:#fffffd;font-size:clamp(1.502rem, 1.502rem + ((1vw - 0.2rem) * 1.815), 2.5rem);\">Communication, Image et Sponsoring<\/h3>\n<\/div><\/div>\n<\/div>\n\n\n\n<div class=\"wp-block-column is-layout-flow wp-block-column-is-layout-flow\" style=\"padding-top:1rem;padding-right:0rem;padding-bottom:1rem;padding-left:0rem\">\n<div class=\"wp-block-cover animated slideInRight slow delay-500ms\" style=\"padding-right:0.51rem;padding-left:0.51rem;min-height:390px;aspect-ratio:unset;\"><img loading=\"lazy\" decoding=\"async\" width=\"1024\" height=\"576\" class=\"wp-block-cover__image-background wp-image-68 size-large\" alt=\"\" src=\"https:\/\/talentmc.fr\/wp-content\/uploads\/2026\/02\/vitaly-gariev-MSTL7-5avQo-unspla-1024x576.jpg\" data-object-fit=\"cover\" srcset=\"https:\/\/talentmc.fr\/wp-content\/uploads\/2026\/02\/vitaly-gariev-MSTL7-5avQo-unspla-1024x576.jpg 1024w, https:\/\/talentmc.fr\/wp-content\/uploads\/2026\/02\/vitaly-gariev-MSTL7-5avQo-unspla-300x169.jpg 300w, https:\/\/talentmc.fr\/wp-content\/uploads\/2026\/02\/vitaly-gariev-MSTL7-5avQo-unspla-768x432.jpg 768w, https:\/\/talentmc.fr\/wp-content\/uploads\/2026\/02\/vitaly-gariev-MSTL7-5avQo-unspla-1536x864.jpg 1536w, https:\/\/talentmc.fr\/wp-content\/uploads\/2026\/02\/vitaly-gariev-MSTL7-5avQo-unspla.jpg 1920w\" sizes=\"auto, (max-width: 1024px) 100vw, 1024px\" \/><span aria-hidden=\"true\" class=\"wp-block-cover__background has-black-background-color has-background-dim-30 has-background-dim\"><\/span><div class=\"wp-block-cover__inner-container has-global-padding is-layout-constrained wp-container-core-cover-is-layout-1a3bd245 wp-block-cover-is-layout-constrained\">\n<h3 class=\"wp-block-heading has-text-align-center has-text-color\" style=\"color:#fffffd;font-size:clamp(1.352rem, 1.352rem + ((1vw - 0.2rem) * 1.542), 2.2rem);\">Accompagnement personnel<\/h3>\n<\/div><\/div>\n<\/div>\n<\/div>\n<\/div>\n<\/section>\n\n\n\n<section class=\"wp-block-cover alignfull\" style=\"margin-top:0px;padding-top:1.01rem;padding-bottom:1.01rem;min-height:430px;aspect-ratio:unset;\"><img loading=\"lazy\" decoding=\"async\" width=\"1024\" height=\"682\" class=\"wp-block-cover__image-background wp-image-60 size-large\" alt=\"\" src=\"https:\/\/talentmc.fr\/wp-content\/uploads\/2026\/02\/dimitrisvetsikas1969-football-5594033_1920-1024x682.jpg\" style=\"object-position:50% 15%\" data-object-fit=\"cover\" data-object-position=\"50% 15%\" srcset=\"https:\/\/talentmc.fr\/wp-content\/uploads\/2026\/02\/dimitrisvetsikas1969-football-5594033_1920-1024x682.jpg 1024w, https:\/\/talentmc.fr\/wp-content\/uploads\/2026\/02\/dimitrisvetsikas1969-football-5594033_1920-300x200.jpg 300w, https:\/\/talentmc.fr\/wp-content\/uploads\/2026\/02\/dimitrisvetsikas1969-football-5594033_1920-768x512.jpg 768w, https:\/\/talentmc.fr\/wp-content\/uploads\/2026\/02\/dimitrisvetsikas1969-football-5594033_1920-1536x1023.jpg 1536w, https:\/\/talentmc.fr\/wp-content\/uploads\/2026\/02\/dimitrisvetsikas1969-football-5594033_1920.jpg 1920w\" sizes=\"auto, (max-width: 1024px) 100vw, 1024px\" \/><span aria-hidden=\"true\" class=\"wp-block-cover__background has-black-background-color has-background-dim-40 has-background-dim\"><\/span><div class=\"wp-block-cover__inner-container has-global-padding is-layout-constrained wp-container-core-cover-is-layout-b1bebcb3 wp-block-cover-is-layout-constrained\">\n<div class=\"wp-block-group has-text-color is-layout-flow wp-block-group-is-layout-flow\" style=\"color:#fffffd;margin-top:0px;padding-top:0rem;padding-right:1rem;padding-bottom:0rem;padding-left:1rem;font-size:clamp(0.875rem, 0.875rem + ((1vw - 0.2rem) * 0.464), 1.13rem);font-style:normal;font-weight:400;line-height:1.4\">\n<div class=\"wp-block-group has-global-padding is-layout-constrained wp-container-core-group-is-layout-bdbfdc43 wp-block-group-is-layout-constrained\">\n<h2 class=\"wp-block-heading has-text-align-center has-text-color\" style=\"color:#fffffd;margin-bottom:0rem;font-size:clamp(1.507rem, 1.507rem + ((1vw - 0.2rem) * 1.824), 2.51rem);font-style:normal;font-weight:500;line-height:1.2\">Investis dans ton talent aujourd\u2019hui et regarde tes r\u00eaves de football devenir r\u00e9alit\u00e9 !<\/h2>\n<\/div>\n\n\n\n<div class=\"wp-block-group is-vertical is-content-justification-stretch is-layout-flex wp-container-core-group-is-layout-bfdebe91 wp-block-group-is-layout-flex\" style=\"margin-top:1.81rem;padding-right:0px;padding-left:0px\">\n<div class=\"wp-block-group animated pulse faster o-anim-hover has-global-padding is-content-justification-center is-layout-constrained wp-container-core-group-is-layout-2f0bcb29 wp-block-group-is-layout-constrained\" style=\"margin-top:0px\">\n<div class=\"wp-block-buttons is-horizontal is-content-justification-right is-layout-flex wp-container-core-buttons-is-layout-099266fd wp-block-buttons-is-layout-flex\" style=\"margin-top:0.51rem\">\n<div class=\"wp-block-button has-custom-width wp-block-button__width-100 is-style-fill o-anim-hover\"><a class=\"wp-block-button__link has-text-color has-background has-custom-font-size wp-element-button\" href=\"https:\/\/talentmc.fr\/index.php\/contact\/\" style=\"border-style:none;border-width:0px;border-top-left-radius:10px;border-top-right-radius:10px;border-bottom-left-radius:10px;border-bottom-right-radius:10px;color:#fffffd;background-color:#c6a27c;padding-top:0.71rem;padding-right:0.31rem;padding-bottom:0.71rem;padding-left:0.31rem;font-size:clamp(0.875rem, 0.875rem + ((1vw - 0.2rem) * 0.245), 1.01rem);font-style:normal;font-weight:600;line-height:1.5;text-transform:uppercase\">contactez-nous<\/a><\/div>\n<\/div>\n<\/div>\n<\/div>\n<\/div>\n<\/div><\/section>\n\n\n\n<p><\/p>\n","protected":false},"excerpt":{"rendered":"<p>Connecting People Talent Management Consulting accompagne jeunes talents et joueurs professionnels dans la gestion et le d\u00e9veloppement strat\u00e9gique de leur carri\u00e8re. Notre mission est simple : s\u00e9curiser votre pr\u00e9sent, structurer votre progression et construire votre avenir. Ce que nous proposons<\/p>\n","protected":false},"author":1,"featured_media":0,"parent":0,"menu_order":0,"comment_status":"closed","ping_status":"closed","template":"","meta":{"footnotes":""},"class_list":["post-11","page","type-page","status-publish","hentry"],"_links":{"self":[{"href":"https:\/\/talentmc.fr\/index.php\/wp-json\/wp\/v2\/pages\/11","targetHints":{"allow":["GET"]}}],"collection":[{"href":"https:\/\/talentmc.fr\/index.php\/wp-json\/wp\/v2\/pages"}],"about":[{"href":"https:\/\/talentmc.fr\/index.php\/wp-json\/wp\/v2\/types\/page"}],"author":[{"embeddable":true,"href":"https:\/\/talentmc.fr\/index.php\/wp-json\/wp\/v2\/users\/1"}],"replies":[{"embeddable":true,"href":"https:\/\/talentmc.fr\/index.php\/wp-json\/wp\/v2\/comments?post=11"}],"version-history":[{"count":52,"href":"https:\/\/talentmc.fr\/index.php\/wp-json\/wp\/v2\/pages\/11\/revisions"}],"predecessor-version":[{"id":505,"href":"https:\/\/talentmc.fr\/index.php\/wp-json\/wp\/v2\/pages\/11\/revisions\/505"}],"wp:attachment":[{"href":"https:\/\/talentmc.fr\/index.php\/wp-json\/wp\/v2\/media?parent=11"}],"curies":[{"name":"wp","href":"https:\/\/api.w.org\/{rel}","templated":true}]}}