{"id":16,"date":"2026-02-24T09:06:29","date_gmt":"2026-02-24T08:06:29","guid":{"rendered":"https:\/\/talentmc.fr\/?page_id=16"},"modified":"2026-03-03T09:56:24","modified_gmt":"2026-03-03T08:56:24","slug":"services","status":"publish","type":"page","link":"https:\/\/talentmc.fr\/index.php\/services\/","title":{"rendered":"Services"},"content":{"rendered":"\n<div class=\"wp-block-cover alignfull\" style=\"margin-top:0;margin-bottom:0;padding-top:0px;padding-bottom:80px;min-height:300px;aspect-ratio:unset;\"><img loading=\"lazy\" decoding=\"async\" width=\"1920\" height=\"1280\" class=\"wp-block-cover__image-background wp-image-123 size-full\" alt=\"\" src=\"https:\/\/talentmc.fr\/wp-content\/uploads\/2026\/02\/vienna-reyes-qCrKTET_09o-unsplash-4.jpg\" data-object-fit=\"cover\" srcset=\"https:\/\/talentmc.fr\/wp-content\/uploads\/2026\/02\/vienna-reyes-qCrKTET_09o-unsplash-4.jpg 1920w, https:\/\/talentmc.fr\/wp-content\/uploads\/2026\/02\/vienna-reyes-qCrKTET_09o-unsplash-4-300x200.jpg 300w, https:\/\/talentmc.fr\/wp-content\/uploads\/2026\/02\/vienna-reyes-qCrKTET_09o-unsplash-4-1024x683.jpg 1024w, https:\/\/talentmc.fr\/wp-content\/uploads\/2026\/02\/vienna-reyes-qCrKTET_09o-unsplash-4-768x512.jpg 768w, https:\/\/talentmc.fr\/wp-content\/uploads\/2026\/02\/vienna-reyes-qCrKTET_09o-unsplash-4-1536x1024.jpg 1536w\" sizes=\"auto, (max-width: 1920px) 100vw, 1920px\" \/><span aria-hidden=\"true\" class=\"wp-block-cover__background has-black-background-color has-background-dim-60 has-background-dim\"><\/span><div class=\"wp-block-cover__inner-container has-global-padding is-layout-constrained wp-container-core-cover-is-layout-d4c6b484 wp-block-cover-is-layout-constrained\">\n<div style=\"height:150px\" aria-hidden=\"true\" class=\"wp-block-spacer\"><\/div>\n\n\n\n<h1 class=\"wp-block-heading has-text-align-center has-text-color has-link-color has-suranna-font-family wp-elements-71e4c92f1bad32d4e51eb35a98ef57a0\" style=\"color:#ffffff;font-size:clamp(38.682px, 2.418rem + ((1vw - 3.2px) * 3.786), 72px);font-style:normal;font-weight:700\">Nos Services<\/h1>\n<\/div><\/div>\n\n\n\n<section class=\"wp-block-group alignfull has-background has-global-padding is-layout-constrained wp-container-core-group-is-layout-d89df415 wp-block-group-is-layout-constrained\" style=\"background-color:#181818;margin-top:0px;margin-bottom:0px;padding-top:2%;padding-right:0rem;padding-bottom:2%;padding-left:0rem\">\n<div class=\"wp-block-columns alignwide is-layout-flex wp-container-core-columns-is-layout-b787fa0f wp-block-columns-is-layout-flex\" style=\"padding-right:0px;padding-left:0px\">\n<div class=\"wp-block-column is-vertically-aligned-center is-layout-flow wp-block-column-is-layout-flow\" style=\"flex-basis:20.5%\">\n<figure class=\"wp-block-image aligncenter size-full animated fadeInLeft slow wp-duotone-unset-1\"><img loading=\"lazy\" decoding=\"async\" width=\"1920\" height=\"1280\" src=\"https:\/\/talentmc.fr\/wp-content\/uploads\/2026\/02\/abigail-keenan-8-s5QuUBtyM-unsplash-3.jpg\" alt=\"\" class=\"wp-image-131\" style=\"aspect-ratio:3\/4;object-fit:cover\" srcset=\"https:\/\/talentmc.fr\/wp-content\/uploads\/2026\/02\/abigail-keenan-8-s5QuUBtyM-unsplash-3.jpg 1920w, https:\/\/talentmc.fr\/wp-content\/uploads\/2026\/02\/abigail-keenan-8-s5QuUBtyM-unsplash-3-300x200.jpg 300w, https:\/\/talentmc.fr\/wp-content\/uploads\/2026\/02\/abigail-keenan-8-s5QuUBtyM-unsplash-3-1024x683.jpg 1024w, https:\/\/talentmc.fr\/wp-content\/uploads\/2026\/02\/abigail-keenan-8-s5QuUBtyM-unsplash-3-768x512.jpg 768w, https:\/\/talentmc.fr\/wp-content\/uploads\/2026\/02\/abigail-keenan-8-s5QuUBtyM-unsplash-3-1536x1024.jpg 1536w\" sizes=\"auto, (max-width: 1920px) 100vw, 1920px\" \/><\/figure>\n<\/div>\n\n\n\n<div class=\"wp-block-column is-layout-flow wp-block-column-is-layout-flow\" style=\"flex-basis:61%\">\n<div style=\"height:45px\" aria-hidden=\"true\" class=\"wp-block-spacer\"><\/div>\n\n\n\n<div class=\"wp-block-group is-vertical is-content-justification-center is-layout-flex wp-container-core-group-is-layout-81423f52 wp-block-group-is-layout-flex\">\n<h5 class=\"wp-block-heading has-text-align-center animated fadeInDown slow delay-200ms has-text-color has-link-color wp-elements-b3f402b3e75764eefbef1d7d6746802d\" style=\"color:#ffffff;margin-top:2rem;font-size:clamp(1.79rem, 1.79rem + ((1vw - 0.2rem) * 2.382), 3.1rem);font-style:normal;font-weight:300;line-height:1.0;text-transform:capitalize\"><strong>Une approche globale<\/strong><\/h5>\n\n\n\n<h3 class=\"wp-block-heading has-text-align-center animated fadeInDown slow has-text-color has-link-color wp-elements-e246317f4160e4e6319c7557e9494e86\" style=\"color:#c6a27c;margin-bottom:15px;font-size:clamp(2.2rem, 2.2rem + ((1vw - 0.2rem) * 3.273), 4rem);font-style:normal;font-weight:500;line-height:1.0\"><strong>De La Carri\u00e8re<\/strong><\/h3>\n\n\n\n<div class=\"wp-block-group has-global-padding is-layout-constrained wp-container-core-group-is-layout-51cdf983 wp-block-group-is-layout-constrained\" style=\"padding-right:1rem;padding-left:1rem\">\n<p class=\"has-text-align-center animated fadeIn slower delay-500ms has-text-color has-link-color wp-elements-93a94f89a4e7775646e2e16cfe9866cb\" style=\"color:#ffffff;font-size:clamp(0.875rem, 0.875rem + ((1vw - 0.2rem) * 0.464), 1.13rem);\">La carri\u00e8re d\u2019un sportif professionnel ne se limite pas \u00e0 la performance sur le terrain.<br>Elle n\u00e9cessite une gestion strat\u00e9gique, juridique, financi\u00e8re et humaine.<\/p>\n\n\n\n<p class=\"has-text-align-center animated fadeIn slower delay-500ms has-text-color has-link-color wp-elements-6c672a845be76c9371abe74a2af9e479\" style=\"color:#ffffff;font-size:clamp(0.875rem, 0.875rem + ((1vw - 0.2rem) * 0.464), 1.13rem);\">Talent Management Consulting propose une prise en charge compl\u00e8te structur\u00e9e autour de quatre p\u00f4les majeurs.<\/p>\n\n\n\n<div class=\"wp-block-columns is-layout-flex wp-container-core-columns-is-layout-28f84493 wp-block-columns-is-layout-flex\">\n<div class=\"wp-block-column is-layout-flow wp-block-column-is-layout-flow\"><\/div>\n<\/div>\n<\/div>\n<\/div>\n<\/div>\n\n\n\n<div class=\"wp-block-column is-vertically-aligned-center is-layout-flow wp-block-column-is-layout-flow\" style=\"flex-basis:20.5%\">\n<figure class=\"wp-block-image aligncenter size-full animated fadeInRight slow\"><img loading=\"lazy\" decoding=\"async\" width=\"1707\" height=\"2560\" src=\"https:\/\/talentmc.fr\/wp-content\/uploads\/2026\/02\/daniel-van-den-berg-29Jx9qyTW14-unsplash-3-scaled.jpg\" alt=\"\" class=\"wp-image-132\" style=\"aspect-ratio:3\/4;object-fit:cover\" srcset=\"https:\/\/talentmc.fr\/wp-content\/uploads\/2026\/02\/daniel-van-den-berg-29Jx9qyTW14-unsplash-3-scaled.jpg 1707w, https:\/\/talentmc.fr\/wp-content\/uploads\/2026\/02\/daniel-van-den-berg-29Jx9qyTW14-unsplash-3-200x300.jpg 200w, https:\/\/talentmc.fr\/wp-content\/uploads\/2026\/02\/daniel-van-den-berg-29Jx9qyTW14-unsplash-3-683x1024.jpg 683w, https:\/\/talentmc.fr\/wp-content\/uploads\/2026\/02\/daniel-van-den-berg-29Jx9qyTW14-unsplash-3-768x1152.jpg 768w, https:\/\/talentmc.fr\/wp-content\/uploads\/2026\/02\/daniel-van-den-berg-29Jx9qyTW14-unsplash-3-1024x1536.jpg 1024w, https:\/\/talentmc.fr\/wp-content\/uploads\/2026\/02\/daniel-van-den-berg-29Jx9qyTW14-unsplash-3-1365x2048.jpg 1365w\" sizes=\"auto, (max-width: 1707px) 100vw, 1707px\" \/><\/figure>\n<\/div>\n<\/div>\n<\/section>\n\n\n\n<section class=\"wp-block-group alignfull has-text-color has-background has-global-padding is-layout-constrained wp-container-core-group-is-layout-b5443c8e wp-block-group-is-layout-constrained\" style=\"border-style:none;border-width:0px;color:#3e3e3e;background-color:#181818;min-height:0px;margin-top:0px;padding-top:0rem;padding-right:var(--wp--preset--spacing--40);padding-bottom:0rem;padding-left:var(--wp--preset--spacing--40);font-size:clamp(0.875rem, 0.875rem + ((1vw - 0.2rem) * 0.464), 1.13rem);font-style:normal;font-weight:400;line-height:1.4\">\n<h2 class=\"wp-block-heading has-text-align-center has-text-color\" style=\"color:#c6a27c;font-size:clamp(1.837rem, 1.837rem + ((1vw - 0.2rem) * 2.478), 3.2rem);font-style:normal;font-weight:700\"><\/h2>\n\n\n\n<div style=\"height:9px\" aria-hidden=\"true\" class=\"wp-block-spacer\"><\/div>\n\n\n\n<div class=\"wp-block-group alignfull is-layout-flow wp-block-group-is-layout-flow\" style=\"margin-top:0px;margin-bottom:0px;padding-top:0rem;padding-right:1px;padding-bottom:2.01rem;padding-left:1px\">\n<div class=\"wp-block-columns alignfull is-layout-flex wp-container-core-columns-is-layout-35290b6f wp-block-columns-is-layout-flex\" style=\"padding-top:0rem\">\n<div class=\"wp-block-column is-layout-flow wp-block-column-is-layout-flow\" style=\"padding-top:1rem;padding-right:0rem;padding-bottom:1rem;padding-left:0rem\">\n<div class=\"wp-block-cover animated fadeInLeft slow delay-500ms\" style=\"padding-right:0.51rem;padding-left:0.51rem;min-height:419px;aspect-ratio:unset;\"><img loading=\"lazy\" decoding=\"async\" width=\"1920\" height=\"1280\" class=\"wp-block-cover__image-background wp-image-66 size-full\" alt=\"\" src=\"https:\/\/talentmc.fr\/wp-content\/uploads\/2026\/02\/ambre-esteve-gdCwuKCuJWY-unsplas.jpg\" data-object-fit=\"cover\" srcset=\"https:\/\/talentmc.fr\/wp-content\/uploads\/2026\/02\/ambre-esteve-gdCwuKCuJWY-unsplas.jpg 1920w, https:\/\/talentmc.fr\/wp-content\/uploads\/2026\/02\/ambre-esteve-gdCwuKCuJWY-unsplas-300x200.jpg 300w, https:\/\/talentmc.fr\/wp-content\/uploads\/2026\/02\/ambre-esteve-gdCwuKCuJWY-unsplas-1024x683.jpg 1024w, https:\/\/talentmc.fr\/wp-content\/uploads\/2026\/02\/ambre-esteve-gdCwuKCuJWY-unsplas-768x512.jpg 768w, https:\/\/talentmc.fr\/wp-content\/uploads\/2026\/02\/ambre-esteve-gdCwuKCuJWY-unsplas-1536x1024.jpg 1536w\" sizes=\"auto, (max-width: 1920px) 100vw, 1920px\" \/><span aria-hidden=\"true\" class=\"wp-block-cover__background has-black-background-color has-background-dim-60 has-background-dim\"><\/span><div class=\"wp-block-cover__inner-container has-global-padding is-layout-constrained wp-container-core-cover-is-layout-1a3bd245 wp-block-cover-is-layout-constrained\">\n<h3 class=\"wp-block-heading has-text-align-center has-text-color\" style=\"color:#c6a27c;font-size:clamp(1.507rem, 1.507rem + ((1vw - 0.2rem) * 1.824), 2.51rem);font-style:normal;font-weight:500\"><strong>Gestion de carri\u00e8re<\/strong><\/h3>\n\n\n\n<ul class=\"wp-block-list\">\n<li>Analyse du profil sportif<\/li>\n\n\n\n<li>D\u00e9finition du projet \u00e0 court, moyen et long terme<\/li>\n\n\n\n<li>N\u00e9gociation et ren\u00e9gociation de contrats<\/li>\n\n\n\n<li>Optimisation des conditions financi\u00e8res<\/li>\n\n\n\n<li>Gestion des transferts<\/li>\n\n\n\n<li>Placement en ad\u00e9quation avec le projet sportif<\/li>\n<\/ul>\n\n\n\n<p class=\"has-text-align-center\">Notre priorit\u00e9 est d\u2019assurer une progression coh\u00e9rente et s\u00e9curis\u00e9e.<\/p>\n<\/div><\/div>\n<\/div>\n\n\n\n<div class=\"wp-block-column is-layout-flow wp-block-column-is-layout-flow\" style=\"padding-top:1rem;padding-right:0rem;padding-bottom:1rem;padding-left:0rem\">\n<div class=\"wp-block-cover animated fadeInLeft slow\" style=\"padding-right:0.51rem;padding-left:0.51rem;min-height:479px;aspect-ratio:unset;\"><img loading=\"lazy\" decoding=\"async\" width=\"903\" height=\"1024\" class=\"wp-block-cover__image-background wp-image-64 size-large\" alt=\"\" src=\"https:\/\/talentmc.fr\/wp-content\/uploads\/2026\/02\/signature-pro-r99-Kg4_MGU-unsplash-903x1024.jpg\" data-object-fit=\"cover\" srcset=\"https:\/\/talentmc.fr\/wp-content\/uploads\/2026\/02\/signature-pro-r99-Kg4_MGU-unsplash-903x1024.jpg 903w, https:\/\/talentmc.fr\/wp-content\/uploads\/2026\/02\/signature-pro-r99-Kg4_MGU-unsplash-264x300.jpg 264w, https:\/\/talentmc.fr\/wp-content\/uploads\/2026\/02\/signature-pro-r99-Kg4_MGU-unsplash-768x871.jpg 768w, https:\/\/talentmc.fr\/wp-content\/uploads\/2026\/02\/signature-pro-r99-Kg4_MGU-unsplash-1354x1536.jpg 1354w, https:\/\/talentmc.fr\/wp-content\/uploads\/2026\/02\/signature-pro-r99-Kg4_MGU-unsplash-1805x2048.jpg 1805w, https:\/\/talentmc.fr\/wp-content\/uploads\/2026\/02\/signature-pro-r99-Kg4_MGU-unsplash.jpg 1920w\" sizes=\"auto, (max-width: 903px) 100vw, 903px\" \/><span aria-hidden=\"true\" class=\"wp-block-cover__background has-black-background-color has-background-dim-60 has-background-dim\"><\/span><div class=\"wp-block-cover__inner-container has-global-padding is-layout-constrained wp-container-core-cover-is-layout-1a3bd245 wp-block-cover-is-layout-constrained\">\n<h3 class=\"wp-block-heading has-text-align-center has-text-color\" style=\"color:#fffffd;font-size:clamp(1.403rem, 1.403rem + ((1vw - 0.2rem) * 1.631), 2.3rem);font-style:normal;font-weight:500\"><strong>Conseil juridique et financier<\/strong><\/h3>\n\n\n\n<p class=\"has-text-align-center\">Nous travaillons avec des partenaires sp\u00e9cialis\u00e9s afin de garantir :<\/p>\n\n\n\n<ul class=\"wp-block-list\">\n<li>S\u00e9curisation contractuelle<\/li>\n\n\n\n<li>Optimisation fiscale<\/li>\n\n\n\n<li>Gestion patrimoniale<\/li>\n\n\n\n<li>Investissements immobiliers<\/li>\n\n\n\n<li>Protection de la famille<\/li>\n\n\n\n<li>Assurance et pr\u00e9voyance<\/li>\n\n\n\n<li>Gestion des droits \u00e0 l\u2019image<\/li>\n<\/ul>\n\n\n\n<p class=\"has-text-align-center\">Chaque contrat est analys\u00e9 avec pr\u00e9cision afin d\u2019\u00e9viter tout risque juridique.<\/p>\n<\/div><\/div>\n<\/div>\n\n\n\n<div class=\"wp-block-column is-layout-flow wp-block-column-is-layout-flow\" style=\"padding-top:1rem;padding-right:0rem;padding-bottom:1rem;padding-left:0rem\">\n<div class=\"wp-block-cover animated fadeInRight slow\" style=\"padding-right:0.51rem;padding-left:0.51rem;min-height:544px;aspect-ratio:unset;\"><img loading=\"lazy\" decoding=\"async\" width=\"1707\" height=\"2560\" class=\"wp-block-cover__image-background wp-image-67 size-full\" alt=\"\" src=\"https:\/\/talentmc.fr\/wp-content\/uploads\/2026\/02\/berke-citak-0cpyFsSUiSc-unsplash-2-scaled.jpg\" data-object-fit=\"cover\" srcset=\"https:\/\/talentmc.fr\/wp-content\/uploads\/2026\/02\/berke-citak-0cpyFsSUiSc-unsplash-2-scaled.jpg 1707w, https:\/\/talentmc.fr\/wp-content\/uploads\/2026\/02\/berke-citak-0cpyFsSUiSc-unsplash-2-200x300.jpg 200w, https:\/\/talentmc.fr\/wp-content\/uploads\/2026\/02\/berke-citak-0cpyFsSUiSc-unsplash-2-683x1024.jpg 683w, https:\/\/talentmc.fr\/wp-content\/uploads\/2026\/02\/berke-citak-0cpyFsSUiSc-unsplash-2-768x1152.jpg 768w, https:\/\/talentmc.fr\/wp-content\/uploads\/2026\/02\/berke-citak-0cpyFsSUiSc-unsplash-2-1024x1536.jpg 1024w, https:\/\/talentmc.fr\/wp-content\/uploads\/2026\/02\/berke-citak-0cpyFsSUiSc-unsplash-2-1365x2048.jpg 1365w\" sizes=\"auto, (max-width: 1707px) 100vw, 1707px\" \/><span aria-hidden=\"true\" class=\"wp-block-cover__background has-black-background-color has-background-dim\"><\/span><div class=\"wp-block-cover__inner-container has-global-padding is-layout-constrained wp-container-core-cover-is-layout-1a3bd245 wp-block-cover-is-layout-constrained\">\n<h3 class=\"wp-block-heading has-text-align-center has-text-color\" style=\"border-style:none;border-width:0px;border-top-left-radius:0px;border-top-right-radius:0px;border-bottom-left-radius:0px;border-bottom-right-radius:0px;color:#c6a27c;font-size:clamp(1.301rem, 1.301rem + ((1vw - 0.2rem) * 1.453), 2.1rem);font-style:normal;font-weight:500;text-transform:none\"><strong>Communication, Image et Sponsoring<\/strong><\/h3>\n\n\n\n<p class=\"has-text-align-center\">Dans un environnement m\u00e9diatique en constante \u00e9volution, la gestion de l\u2019image est strat\u00e9gique.<\/p>\n\n\n\n<p>Nous accompagnons nos talents dans :<\/p>\n\n\n\n<ul class=\"wp-block-list\">\n<li>Strat\u00e9gie m\u00e9dia<\/li>\n\n\n\n<li>Gestion des r\u00e9seaux sociaux<\/li>\n\n\n\n<li>Contrats de sponsoring<\/li>\n\n\n\n<li>Partenariats commerciaux<\/li>\n\n\n\n<li>Accompagnement interviews<\/li>\n\n\n\n<li>Valorisation de la marque personnelle<\/li>\n<\/ul>\n\n\n\n<p class=\"has-text-align-center\">Nous d\u00e9veloppons l\u2019image du joueur en coh\u00e9rence avec son identit\u00e9 et son parcours.<\/p>\n<\/div><\/div>\n<\/div>\n\n\n\n<div class=\"wp-block-column is-layout-flow wp-block-column-is-layout-flow\" style=\"padding-top:1rem;padding-right:0rem;padding-bottom:1rem;padding-left:0rem\">\n<div class=\"wp-block-cover animated fadeInRight slow delay-500ms\" style=\"padding-right:0.51rem;padding-left:0.51rem;min-height:597px;aspect-ratio:unset;\"><img loading=\"lazy\" decoding=\"async\" width=\"1920\" height=\"1080\" class=\"wp-block-cover__image-background wp-image-68 size-full\" alt=\"\" src=\"https:\/\/talentmc.fr\/wp-content\/uploads\/2026\/02\/vitaly-gariev-MSTL7-5avQo-unspla.jpg\" data-object-fit=\"cover\" srcset=\"https:\/\/talentmc.fr\/wp-content\/uploads\/2026\/02\/vitaly-gariev-MSTL7-5avQo-unspla.jpg 1920w, https:\/\/talentmc.fr\/wp-content\/uploads\/2026\/02\/vitaly-gariev-MSTL7-5avQo-unspla-300x169.jpg 300w, https:\/\/talentmc.fr\/wp-content\/uploads\/2026\/02\/vitaly-gariev-MSTL7-5avQo-unspla-1024x576.jpg 1024w, https:\/\/talentmc.fr\/wp-content\/uploads\/2026\/02\/vitaly-gariev-MSTL7-5avQo-unspla-768x432.jpg 768w, https:\/\/talentmc.fr\/wp-content\/uploads\/2026\/02\/vitaly-gariev-MSTL7-5avQo-unspla-1536x864.jpg 1536w\" sizes=\"auto, (max-width: 1920px) 100vw, 1920px\" \/><span aria-hidden=\"true\" class=\"wp-block-cover__background has-black-background-color has-background-dim-40 has-background-dim\"><\/span><div class=\"wp-block-cover__inner-container has-global-padding is-layout-constrained wp-container-core-cover-is-layout-1a3bd245 wp-block-cover-is-layout-constrained\">\n<h3 class=\"wp-block-heading has-text-align-center has-text-color\" style=\"color:#fffffd;font-size:clamp(1.352rem, 1.352rem + ((1vw - 0.2rem) * 1.542), 2.2rem);font-style:normal;font-weight:500\"><strong>Accompagnement personnel<\/strong><\/h3>\n\n\n\n<p class=\"has-text-align-center\">La stabilit\u00e9 personnelle conditionne la performance sportive.<\/p>\n\n\n\n<p>Nous proposons :<\/p>\n\n\n\n<ul class=\"wp-block-list\">\n<li>Organisation logistique<\/li>\n\n\n\n<li>Accompagnement immobilier<\/li>\n\n\n\n<li>Mise en relation avec professionnels de sant\u00e9<\/li>\n\n\n\n<li>Pr\u00e9paration physique et mentale<\/li>\n\n\n\n<li>Suivi scolaire pour les jeunes joueurs<\/li>\n\n\n\n<li>Pr\u00e9paration \u00e0 l\u2019apr\u00e8s-carri\u00e8re<\/li>\n<\/ul>\n\n\n\n<p class=\"has-text-align-center\">Notre r\u00f4le est de permettre au joueur de se concentrer pleinement sur ses objectifs sportifs.<\/p>\n<\/div><\/div>\n<\/div>\n<\/div>\n<\/div>\n<\/section>\n\n\n\n<section class=\"wp-block-cover alignfull\" style=\"margin-top:0px;padding-top:1.01rem;padding-bottom:1.01rem;min-height:430px;aspect-ratio:unset;\"><img loading=\"lazy\" decoding=\"async\" width=\"1920\" height=\"1280\" class=\"wp-block-cover__image-background wp-image-153 size-full\" alt=\"\" src=\"https:\/\/talentmc.fr\/wp-content\/uploads\/2026\/02\/david-clarke-DRtKiuN9_Mk-unsplash-2.jpg\" style=\"object-position:49% 58%\" data-object-fit=\"cover\" data-object-position=\"49% 58%\" srcset=\"https:\/\/talentmc.fr\/wp-content\/uploads\/2026\/02\/david-clarke-DRtKiuN9_Mk-unsplash-2.jpg 1920w, https:\/\/talentmc.fr\/wp-content\/uploads\/2026\/02\/david-clarke-DRtKiuN9_Mk-unsplash-2-300x200.jpg 300w, https:\/\/talentmc.fr\/wp-content\/uploads\/2026\/02\/david-clarke-DRtKiuN9_Mk-unsplash-2-1024x683.jpg 1024w, https:\/\/talentmc.fr\/wp-content\/uploads\/2026\/02\/david-clarke-DRtKiuN9_Mk-unsplash-2-768x512.jpg 768w, https:\/\/talentmc.fr\/wp-content\/uploads\/2026\/02\/david-clarke-DRtKiuN9_Mk-unsplash-2-1536x1024.jpg 1536w\" sizes=\"auto, (max-width: 1920px) 100vw, 1920px\" \/><span aria-hidden=\"true\" class=\"wp-block-cover__background has-black-background-color has-background-dim-40 has-background-dim\"><\/span><div class=\"wp-block-cover__inner-container has-global-padding is-layout-constrained wp-container-core-cover-is-layout-b1bebcb3 wp-block-cover-is-layout-constrained\">\n<div class=\"wp-block-group has-text-color is-layout-flow wp-block-group-is-layout-flow\" style=\"color:#fffffd;margin-top:0px;padding-top:0rem;padding-right:1rem;padding-bottom:0rem;padding-left:1rem;font-size:clamp(0.875rem, 0.875rem + ((1vw - 0.2rem) * 0.464), 1.13rem);font-style:normal;font-weight:400;line-height:1.4\">\n<div class=\"wp-block-group has-global-padding is-layout-constrained wp-container-core-group-is-layout-bdbfdc43 wp-block-group-is-layout-constrained\">\n<p class=\"has-text-align-center has-text-color\" style=\"color:#fffffd;margin-right:0;margin-bottom:0rem;font-size:clamp(1.507rem, 1.507rem + ((1vw - 0.2rem) * 1.824), 2.51rem);font-style:normal;font-weight:500;line-height:1.2\">Notre passion est de r\u00e9v\u00e9ler le potentiel et d\u2019accompagner les talents vers l\u2019excellence dans le monde du football.<\/p>\n<\/div>\n\n\n\n<div class=\"wp-block-group is-vertical is-content-justification-stretch is-layout-flex wp-container-core-group-is-layout-bfdebe91 wp-block-group-is-layout-flex\" style=\"margin-top:1.81rem;padding-right:0px;padding-left:0px\">\n<div class=\"wp-block-group animated pulse faster o-anim-hover has-global-padding is-content-justification-center is-layout-constrained wp-container-core-group-is-layout-2f0bcb29 wp-block-group-is-layout-constrained\" style=\"margin-top:0px\">\n<div class=\"wp-block-buttons is-horizontal is-content-justification-right is-layout-flex wp-container-core-buttons-is-layout-099266fd wp-block-buttons-is-layout-flex\" style=\"margin-top:0.51rem\">\n<div class=\"wp-block-button has-custom-width wp-block-button__width-100 is-style-fill\"><a class=\"wp-block-button__link has-text-color has-background has-custom-font-size wp-element-button\" href=\"https:\/\/talentmc.fr\/index.php\/contact\/\" style=\"border-style:none;border-width:0px;border-top-left-radius:10px;border-top-right-radius:10px;border-bottom-left-radius:10px;border-bottom-right-radius:10px;color:#fffffd;background-color:#c6a27c;padding-top:0.71rem;padding-right:0.31rem;padding-bottom:0.71rem;padding-left:0.31rem;font-size:clamp(0.875rem, 0.875rem + ((1vw - 0.2rem) * 0.245), 1.01rem);font-style:normal;font-weight:600;line-height:1.5;text-transform:uppercase\">choisis nous<\/a><\/div>\n<\/div>\n<\/div>\n<\/div>\n<\/div>\n<\/div><\/section>\n\n\n\n<p><\/p>\n","protected":false},"excerpt":{"rendered":"<p>Une approche globale De La Carri\u00e8re La carri\u00e8re d\u2019un sportif professionnel ne se limite pas \u00e0 la performance sur le terrain.Elle n\u00e9cessite une gestion strat\u00e9gique, juridique, financi\u00e8re et humaine. Talent Management Consulting propose une prise en charge compl\u00e8te structur\u00e9e autour de quatre p\u00f4les majeurs.<\/p>\n","protected":false},"author":1,"featured_media":0,"parent":0,"menu_order":0,"comment_status":"closed","ping_status":"closed","template":"","meta":{"footnotes":""},"class_list":["post-16","page","type-page","status-publish","hentry"],"_links":{"self":[{"href":"https:\/\/talentmc.fr\/index.php\/wp-json\/wp\/v2\/pages\/16","targetHints":{"allow":["GET"]}}],"collection":[{"href":"https:\/\/talentmc.fr\/index.php\/wp-json\/wp\/v2\/pages"}],"about":[{"href":"https:\/\/talentmc.fr\/index.php\/wp-json\/wp\/v2\/types\/page"}],"author":[{"embeddable":true,"href":"https:\/\/talentmc.fr\/index.php\/wp-json\/wp\/v2\/users\/1"}],"replies":[{"embeddable":true,"href":"https:\/\/talentmc.fr\/index.php\/wp-json\/wp\/v2\/comments?post=16"}],"version-history":[{"count":30,"href":"https:\/\/talentmc.fr\/index.php\/wp-json\/wp\/v2\/pages\/16\/revisions"}],"predecessor-version":[{"id":460,"href":"https:\/\/talentmc.fr\/index.php\/wp-json\/wp\/v2\/pages\/16\/revisions\/460"}],"wp:attachment":[{"href":"https:\/\/talentmc.fr\/index.php\/wp-json\/wp\/v2\/media?parent=16"}],"curies":[{"name":"wp","href":"https:\/\/api.w.org\/{rel}","templated":true}]}}