{"id":20,"date":"2026-02-24T09:07:04","date_gmt":"2026-02-24T08:07:04","guid":{"rendered":"https:\/\/talentmc.fr\/?page_id=20"},"modified":"2026-03-03T10:03:41","modified_gmt":"2026-03-03T09:03:41","slug":"methodologie","status":"publish","type":"page","link":"https:\/\/talentmc.fr\/index.php\/methodologie\/","title":{"rendered":"M\u00e9thodologie"},"content":{"rendered":"\n<div class=\"wp-block-cover alignfull\" style=\"margin-top:0;margin-bottom:0;padding-top:0px;padding-bottom:80px;min-height:300px;aspect-ratio:unset;\"><img loading=\"lazy\" decoding=\"async\" width=\"1920\" height=\"1280\" class=\"wp-block-cover__image-background wp-image-155 size-full\" alt=\"\" src=\"https:\/\/talentmc.fr\/wp-content\/uploads\/2026\/02\/vienna-reyes-qCrKTET_09o-unsplash-5.jpg\" data-object-fit=\"cover\" srcset=\"https:\/\/talentmc.fr\/wp-content\/uploads\/2026\/02\/vienna-reyes-qCrKTET_09o-unsplash-5.jpg 1920w, https:\/\/talentmc.fr\/wp-content\/uploads\/2026\/02\/vienna-reyes-qCrKTET_09o-unsplash-5-300x200.jpg 300w, https:\/\/talentmc.fr\/wp-content\/uploads\/2026\/02\/vienna-reyes-qCrKTET_09o-unsplash-5-1024x683.jpg 1024w, https:\/\/talentmc.fr\/wp-content\/uploads\/2026\/02\/vienna-reyes-qCrKTET_09o-unsplash-5-768x512.jpg 768w, https:\/\/talentmc.fr\/wp-content\/uploads\/2026\/02\/vienna-reyes-qCrKTET_09o-unsplash-5-1536x1024.jpg 1536w\" sizes=\"auto, (max-width: 1920px) 100vw, 1920px\" \/><span aria-hidden=\"true\" class=\"wp-block-cover__background has-black-background-color has-background-dim-60 has-background-dim\"><\/span><div class=\"wp-block-cover__inner-container has-global-padding is-layout-constrained wp-container-core-cover-is-layout-d4c6b484 wp-block-cover-is-layout-constrained\">\n<div style=\"height:150px\" aria-hidden=\"true\" class=\"wp-block-spacer\"><\/div>\n\n\n\n<h1 class=\"wp-block-heading has-text-align-center has-text-color has-link-color has-suranna-font-family wp-elements-5734e16df6c98c4674a90fbed9812708\" style=\"color:#ffffff;font-size:clamp(38.682px, 2.418rem + ((1vw - 3.2px) * 3.786), 72px);font-style:normal;font-weight:700\">Notre M\u00e9thodologie<\/h1>\n<\/div><\/div>\n\n\n\n<div class=\"wp-block-group alignfull has-background has-global-padding is-layout-constrained wp-container-core-group-is-layout-d0e9c35b wp-block-group-is-layout-constrained\" style=\"background-color:#181818;margin-top:0px;margin-bottom:0px;padding-top:0px;padding-bottom:0px\">\n<div class=\"wp-block-columns alignwide are-vertically-aligned-center is-layout-flex wp-container-core-columns-is-layout-8608aa32 wp-block-columns-is-layout-flex\" style=\"padding-bottom:50px\">\n<div class=\"wp-block-column has-global-padding is-layout-constrained wp-container-core-column-is-layout-63eb7806 wp-block-column-is-layout-constrained\">\n<div style=\"height:25px\" aria-hidden=\"true\" class=\"wp-block-spacer\"><\/div>\n\n\n\n<h2 class=\"wp-block-heading has-text-align-center animated fadeInDown has-text-color has-link-color has-x-large-font-size wp-elements-1f9d8478d01f329f3e913d48fa0976a3\" style=\"color:#c6a27c;font-style:normal;font-weight:700;text-transform:uppercase\">Nous travaillons avec les joueurs et les clubs<\/h2>\n\n\n\n<div style=\"height:43px\" aria-hidden=\"true\" class=\"wp-block-spacer\"><\/div>\n\n\n\n<p class=\"animated fadeInDown slow delay-200ms has-text-color has-link-color wp-elements-405988a5343f1bd4f79ae69b38f2dc46\" style=\"color:#ffffff\">Notre \u00e9quipe vous conseille dans vos&nbsp;choix de carri\u00e8re et garantit vos int\u00e9r\u00eats lors des n\u00e9gociations contractuelles avec les clubs.<\/p>\n\n\n\n<p class=\"animated fadeInDown slow delay-200ms has-text-color has-link-color wp-elements-9ecdfd6e6ab7034b097d43685eacc165\" style=\"color:#ffffff\">Nous accompagnons \u00e9galement les clubs pour atteindre leurs objectifs de performance et optimiser la gestion de leurs effectifs :<\/p>\n\n\n\n<p class=\"animated fadeInDown slow delay-200ms has-text-color has-link-color wp-elements-38d25325c849e8ee2c1e85c3d2461d67\" style=\"color:#ffffff\">&#8211; Placement de joueurs.<\/p>\n\n\n\n<p class=\"animated fadeInDown delay-200ms slow has-text-color has-link-color wp-elements-5256e5ad7ae477b91beeca2fe615cf38\" style=\"color:#ffffff\">&#8211; Placement des joueurs ne correspondant plus au projet de jeu.<\/p>\n\n\n\n<p class=\"animated fadeInDown slow delay-200ms has-text-color has-link-color wp-elements-428c93b4756aa7fff88c610077d52b6e\" style=\"color:#ffffff\">&#8211; Recherche de joueurs correspondant aux attentes du club.<\/p>\n\n\n\n<div style=\"height:1px\" aria-hidden=\"true\" class=\"wp-block-spacer\"><\/div>\n\n\n\n<hr class=\"wp-block-separator has-text-color has-alpha-channel-opacity has-background is-style-dots animated fadeIn delay-200ms slow\" style=\"background-color:#ffffff;color:#ffffff\"\/>\n\n\n\n<div style=\"height:1px\" aria-hidden=\"true\" class=\"wp-block-spacer\"><\/div>\n\n\n\n<h2 class=\"wp-block-heading has-text-align-center animated fadeInDown delay-1s has-text-color\" style=\"color:#c6a27c;padding-bottom:0px;font-size:clamp(26.944px, 1.684rem + ((1vw - 3.2px) * 2.165), 46px);font-style:normal;font-weight:700;text-transform:uppercase\">Comment nous fonctionnons ?<\/h2>\n\n\n\n<div style=\"height:16px\" aria-hidden=\"true\" class=\"wp-block-spacer\"><\/div>\n\n\n\n<figure class=\"wp-block-image size-full animated fadeIn slow delay-500ms\"><img loading=\"lazy\" decoding=\"async\" width=\"1920\" height=\"1080\" src=\"https:\/\/talentmc.fr\/wp-content\/uploads\/2026\/02\/1-1.png\" alt=\"\" class=\"wp-image-215\" srcset=\"https:\/\/talentmc.fr\/wp-content\/uploads\/2026\/02\/1-1.png 1920w, https:\/\/talentmc.fr\/wp-content\/uploads\/2026\/02\/1-1-300x169.png 300w, https:\/\/talentmc.fr\/wp-content\/uploads\/2026\/02\/1-1-1024x576.png 1024w, https:\/\/talentmc.fr\/wp-content\/uploads\/2026\/02\/1-1-768x432.png 768w, https:\/\/talentmc.fr\/wp-content\/uploads\/2026\/02\/1-1-1536x864.png 1536w\" sizes=\"auto, (max-width: 1920px) 100vw, 1920px\" \/><\/figure>\n<\/div>\n<\/div>\n<\/div>\n\n\n\n<section class=\"wp-block-cover alignfull\" style=\"margin-top:0px;padding-top:1.01rem;padding-bottom:1.01rem;min-height:430px;aspect-ratio:unset;\"><img loading=\"lazy\" decoding=\"async\" width=\"1920\" height=\"1305\" class=\"wp-block-cover__image-background wp-image-165 size-full\" alt=\"\" src=\"https:\/\/talentmc.fr\/wp-content\/uploads\/2026\/02\/bence-balla-schottner-KMn0EXRfG9c-unsplash-1.jpg\" data-object-fit=\"cover\" srcset=\"https:\/\/talentmc.fr\/wp-content\/uploads\/2026\/02\/bence-balla-schottner-KMn0EXRfG9c-unsplash-1.jpg 1920w, https:\/\/talentmc.fr\/wp-content\/uploads\/2026\/02\/bence-balla-schottner-KMn0EXRfG9c-unsplash-1-300x204.jpg 300w, https:\/\/talentmc.fr\/wp-content\/uploads\/2026\/02\/bence-balla-schottner-KMn0EXRfG9c-unsplash-1-1024x696.jpg 1024w, https:\/\/talentmc.fr\/wp-content\/uploads\/2026\/02\/bence-balla-schottner-KMn0EXRfG9c-unsplash-1-768x522.jpg 768w, https:\/\/talentmc.fr\/wp-content\/uploads\/2026\/02\/bence-balla-schottner-KMn0EXRfG9c-unsplash-1-1536x1044.jpg 1536w\" sizes=\"auto, (max-width: 1920px) 100vw, 1920px\" \/><span aria-hidden=\"true\" class=\"wp-block-cover__background has-black-background-color has-background-dim\"><\/span><div class=\"wp-block-cover__inner-container has-global-padding is-layout-constrained wp-container-core-cover-is-layout-b1bebcb3 wp-block-cover-is-layout-constrained\">\n<div class=\"wp-block-group has-text-color is-layout-flow wp-block-group-is-layout-flow\" style=\"color:#fffffd;margin-top:0px;padding-top:0rem;padding-right:1rem;padding-bottom:0rem;padding-left:1rem;font-size:clamp(0.875rem, 0.875rem + ((1vw - 0.2rem) * 0.464), 1.13rem);font-style:normal;font-weight:400;line-height:1.4\">\n<div class=\"wp-block-group has-global-padding is-layout-constrained wp-container-core-group-is-layout-bdbfdc43 wp-block-group-is-layout-constrained\">\n<p class=\"has-text-align-center has-text-color\" style=\"color:#fffffd;margin-bottom:0rem;font-size:clamp(1.507rem, 1.507rem + ((1vw - 0.2rem) * 1.824), 2.51rem);font-style:normal;font-weight:500;line-height:1.2\">Notre \u00e9quipe transforme les r\u00eaves en r\u00e9alit\u00e9, en guidant les talents vers le succ\u00e8s \u00e0 chaque \u00e9tape du parcours !<\/p>\n<\/div>\n\n\n\n<div class=\"wp-block-group is-vertical is-content-justification-stretch is-layout-flex wp-container-core-group-is-layout-bfdebe91 wp-block-group-is-layout-flex\" style=\"margin-top:1.81rem;padding-right:0px;padding-left:0px\">\n<div class=\"wp-block-group animated pulse o-anim-hover faster has-global-padding is-content-justification-center is-layout-constrained wp-container-core-group-is-layout-2f0bcb29 wp-block-group-is-layout-constrained\" style=\"margin-top:0px\">\n<div class=\"wp-block-buttons is-horizontal is-content-justification-right is-layout-flex wp-container-core-buttons-is-layout-099266fd wp-block-buttons-is-layout-flex\" style=\"margin-top:0.51rem\">\n<div class=\"wp-block-button has-custom-width wp-block-button__width-100 is-style-fill o-anim-hover\"><a class=\"wp-block-button__link has-text-color has-background has-custom-font-size wp-element-button\" href=\"https:\/\/talentmc.fr\/index.php\/contact\/\" style=\"border-style:none;border-width:0px;border-top-left-radius:10px;border-top-right-radius:10px;border-bottom-left-radius:10px;border-bottom-right-radius:10px;color:#fffffd;background-color:#c6a27c;padding-top:0.71rem;padding-right:0.31rem;padding-bottom:0.71rem;padding-left:0.31rem;font-size:clamp(0.875rem, 0.875rem + ((1vw - 0.2rem) * 0.245), 1.01rem);font-style:normal;font-weight:600;line-height:1.5;text-transform:uppercase\">Rejoins Nous<\/a><\/div>\n<\/div>\n<\/div>\n<\/div>\n<\/div>\n<\/div><\/section>\n","protected":false},"excerpt":{"rendered":"<p>Nous travaillons avec les joueurs et les clubs Notre \u00e9quipe vous conseille dans vos&nbsp;choix de carri\u00e8re et garantit vos int\u00e9r\u00eats lors des n\u00e9gociations contractuelles avec les clubs. Nous accompagnons \u00e9galement les clubs pour atteindre leurs objectifs de performance et optimiser la gestion de leurs effectifs : &#8211; Placement de joueurs. &#8211; Placement des joueurs ne [&hellip;]<\/p>\n","protected":false},"author":1,"featured_media":0,"parent":0,"menu_order":0,"comment_status":"closed","ping_status":"closed","template":"","meta":{"footnotes":""},"class_list":["post-20","page","type-page","status-publish","hentry"],"_links":{"self":[{"href":"https:\/\/talentmc.fr\/index.php\/wp-json\/wp\/v2\/pages\/20","targetHints":{"allow":["GET"]}}],"collection":[{"href":"https:\/\/talentmc.fr\/index.php\/wp-json\/wp\/v2\/pages"}],"about":[{"href":"https:\/\/talentmc.fr\/index.php\/wp-json\/wp\/v2\/types\/page"}],"author":[{"embeddable":true,"href":"https:\/\/talentmc.fr\/index.php\/wp-json\/wp\/v2\/users\/1"}],"replies":[{"embeddable":true,"href":"https:\/\/talentmc.fr\/index.php\/wp-json\/wp\/v2\/comments?post=20"}],"version-history":[{"count":22,"href":"https:\/\/talentmc.fr\/index.php\/wp-json\/wp\/v2\/pages\/20\/revisions"}],"predecessor-version":[{"id":473,"href":"https:\/\/talentmc.fr\/index.php\/wp-json\/wp\/v2\/pages\/20\/revisions\/473"}],"wp:attachment":[{"href":"https:\/\/talentmc.fr\/index.php\/wp-json\/wp\/v2\/media?parent=20"}],"curies":[{"name":"wp","href":"https:\/\/api.w.org\/{rel}","templated":true}]}}