{"id":24,"date":"2026-02-24T09:07:34","date_gmt":"2026-02-24T08:07:34","guid":{"rendered":"https:\/\/talentmc.fr\/?page_id=24"},"modified":"2026-02-27T10:06:03","modified_gmt":"2026-02-27T09:06:03","slug":"contact","status":"publish","type":"page","link":"https:\/\/talentmc.fr\/index.php\/contact\/","title":{"rendered":"Contact"},"content":{"rendered":"\n<div class=\"wp-block-cover alignfull\" style=\"padding-top:2%;min-height:30rem;aspect-ratio:unset;\"><img loading=\"lazy\" decoding=\"async\" width=\"1920\" height=\"1313\" class=\"wp-block-cover__image-background wp-image-217 size-full\" alt=\"\" src=\"https:\/\/talentmc.fr\/wp-content\/uploads\/2026\/02\/maxim-hopman-xyDkHkvDYp4-unsplash-3.jpg\" data-object-fit=\"cover\" srcset=\"https:\/\/talentmc.fr\/wp-content\/uploads\/2026\/02\/maxim-hopman-xyDkHkvDYp4-unsplash-3.jpg 1920w, https:\/\/talentmc.fr\/wp-content\/uploads\/2026\/02\/maxim-hopman-xyDkHkvDYp4-unsplash-3-300x205.jpg 300w, https:\/\/talentmc.fr\/wp-content\/uploads\/2026\/02\/maxim-hopman-xyDkHkvDYp4-unsplash-3-1024x700.jpg 1024w, https:\/\/talentmc.fr\/wp-content\/uploads\/2026\/02\/maxim-hopman-xyDkHkvDYp4-unsplash-3-768x525.jpg 768w, https:\/\/talentmc.fr\/wp-content\/uploads\/2026\/02\/maxim-hopman-xyDkHkvDYp4-unsplash-3-1536x1050.jpg 1536w\" sizes=\"auto, (max-width: 1920px) 100vw, 1920px\" \/><span aria-hidden=\"true\" class=\"wp-block-cover__background has-black-background-color has-background-dim-60 has-background-dim\"><\/span><div class=\"wp-block-cover__inner-container has-global-padding is-layout-constrained wp-container-core-cover-is-layout-ee51f2d2 wp-block-cover-is-layout-constrained\">\n<div class=\"wp-block-group alignwide is-vertical is-content-justification-center is-layout-flex wp-container-core-group-is-layout-5e763914 wp-block-group-is-layout-flex\" style=\"min-height:8rem\">\n<div class=\"wp-block-group has-global-padding is-layout-constrained wp-container-core-group-is-layout-bea02a06 wp-block-group-is-layout-constrained\">\n<h2 class=\"wp-block-heading has-text-align-center has-text-color\" style=\"color:#ffffff;margin-top:0rem;margin-bottom:1.01rem;font-size:clamp(2.071rem, 2.071rem + ((1vw - 0.2rem) * 2.98), 3.71rem);font-style:normal;font-weight:700;line-height:1;text-transform:capitalize\">Contactez-nous <\/h2>\n<\/div>\n<\/div>\n<\/div><\/div>\n\n\n\n<section class=\"wp-block-group alignfull has-text-color has-global-padding is-layout-constrained wp-container-core-group-is-layout-4252d6ba wp-block-group-is-layout-constrained\" style=\"color:#03081e;margin-top:0px;padding-top:6.51rem;padding-right:1rem;padding-bottom:5.5rem;padding-left:1rem;font-size:clamp(0.875rem, 0.875rem + ((1vw - 0.2rem) * 0.464), 1.13rem);font-style:normal;font-weight:400;line-height:1.4\">\n<div class=\"wp-block-group alignfull has-text-color has-global-padding is-layout-constrained wp-container-core-group-is-layout-9f6dfefa wp-block-group-is-layout-constrained\" style=\"color:#252525;margin-top:0px;padding-top:0rem;padding-right:1rem;padding-bottom:0rem;padding-left:1rem;font-size:clamp(0.875rem, 0.875rem + ((1vw - 0.2rem) * 0.464), 1.13rem);font-style:normal;font-weight:400;line-height:1.4\">\n<div class=\"wp-block-group alignwide has-global-padding is-layout-constrained wp-block-group-is-layout-constrained\">\n<div class=\"wp-block-group has-global-padding is-layout-constrained wp-block-group-is-layout-constrained\">\n<h2 class=\"wp-block-heading has-text-align-center has-text-color\" style=\"color:#000000;margin-bottom:0.51rem;font-size:clamp(1.307rem, 1.307rem + ((1vw - 0.2rem) * 1.46), 2.11rem);font-style:normal;font-weight:700;line-height:1.2\">Formulaire de Contact<\/h2>\n\n\n\n<p class=\"has-text-align-center has-text-color\" style=\"color:#000000;margin-top:0rem;font-size:clamp(0.875rem, 0.875rem + ((1vw - 0.2rem) * 0.064), 0.91rem);font-style:normal;font-weight:400;line-height:1.5\">Nous avons h\u00e2te d\u2019\u00e9changer avec vous ! Parlons ensemble de votre parcours et de vos talents !<\/p>\n\n\n<style id=\"wpforms-css-vars-204-block-15e41f3c-1455-4730-a4dc-f0255477cab8\">\n\t\t\t\t#wpforms-204.wpforms-block-15e41f3c-1455-4730-a4dc-f0255477cab8 {\n\t\t\t\t--wpforms-label-color: #262626;\n--wpforms-label-sublabel-color: #7f7f7f;\n--wpforms-label-error-color: #ff0000;\n--wpforms-page-break-color: #dddddd;\n--wpforms-field-border-radius: 0px;\n--wpforms-field-border-color: #cccccc;\n--wpforms-field-border-color-spare: #cccccc;\n--wpforms-field-text-color: #444444;\n--wpforms-button-border-style: solid;\n--wpforms-button-border-radius: 0px;\n--wpforms-button-background-color: #dddddd;\n--wpforms-button-text-color: #666666;\n--wpforms-button-border-color: #cccccc;\n--wpforms-field-size-input-height: 43px;\n--wpforms-field-size-input-spacing: 15px;\n--wpforms-field-size-font-size: 16px;\n--wpforms-field-size-line-height: 19px;\n--wpforms-field-size-padding-h: 14px;\n--wpforms-field-size-checkbox-size: 16px;\n--wpforms-field-size-sublabel-spacing: 5px;\n--wpforms-field-size-icon-size: 1;\n--wpforms-label-size-font-size: 14px;\n--wpforms-label-size-line-height: 17px;\n--wpforms-label-size-sublabel-font-size: 13px;\n--wpforms-label-size-sublabel-line-height: 16px;\n--wpforms-button-size-font-size: 17px;\n--wpforms-button-size-height: 41px;\n--wpforms-button-size-padding-h: 15px;\n--wpforms-button-size-margin-top: 10px;\n\t\t\t}\n\t\t\t<\/style><div class=\"wpforms-container wpforms-container-full wpforms-block wpforms-block-15e41f3c-1455-4730-a4dc-f0255477cab8 wpforms-render-modern\" id=\"wpforms-204\"><form id=\"wpforms-form-204\" class=\"wpforms-validate wpforms-form wpforms-ajax-form\" data-formid=\"204\" method=\"post\" enctype=\"multipart\/form-data\" action=\"\/index.php\/wp-json\/wp\/v2\/pages\/24\" data-token=\"0ecc2b66056b569dfceb63cc7fdd31fa\" data-token-time=\"1775401775\"><noscript class=\"wpforms-error-noscript\">Veuillez activer JavaScript dans votre navigateur pour remplir ce formulaire.<\/noscript><div id=\"wpforms-error-noscript\" style=\"display: none;\">Veuillez activer JavaScript dans votre navigateur pour remplir ce formulaire.<\/div><div class=\"wpforms-field-container\">\t\t<div id=\"wpforms-204-field_5-container\"\n\t\t\tclass=\"wpforms-field wpforms-field-text\"\n\t\t\tdata-field-type=\"text\"\n\t\t\tdata-field-id=\"5\"\n\t\t\t>\n\t\t\t<label class=\"wpforms-field-label\" for=\"wpforms-204-field_5\" >Commentaire Nom Num\u00e9ro<\/label>\n\t\t\t<input type=\"text\" id=\"wpforms-204-field_5\" class=\"wpforms-field-medium\" name=\"wpforms[fields][5]\" >\n\t\t<\/div>\n\t\t<div id=\"wpforms-204-field_1-container\" class=\"wpforms-field wpforms-field-name\" data-field-id=\"1\"><fieldset><legend class=\"wpforms-field-label\">Nom <span class=\"wpforms-required-label\" aria-hidden=\"true\">*<\/span><\/legend><div class=\"wpforms-field-row wpforms-field-medium\"><div class=\"wpforms-field-row-block wpforms-first wpforms-one-half\"><input type=\"text\" id=\"wpforms-204-field_1\" class=\"wpforms-field-name-first wpforms-field-required\" name=\"wpforms[fields][1][first]\" aria-errormessage=\"wpforms-204-field_1-error\" required><label for=\"wpforms-204-field_1\" class=\"wpforms-field-sublabel after\">Pr\u00e9nom<\/label><\/div><div class=\"wpforms-field-row-block wpforms-one-half\"><input type=\"text\" id=\"wpforms-204-field_1-last\" class=\"wpforms-field-name-last wpforms-field-required\" name=\"wpforms[fields][1][last]\" aria-errormessage=\"wpforms-204-field_1-last-error\" required><label for=\"wpforms-204-field_1-last\" class=\"wpforms-field-sublabel after\">Nom<\/label><\/div><\/div><\/fieldset><\/div><div id=\"wpforms-204-field_2-container\" class=\"wpforms-field wpforms-field-email\" data-field-id=\"2\"><label class=\"wpforms-field-label\" for=\"wpforms-204-field_2\">E-mail <span class=\"wpforms-required-label\" aria-hidden=\"true\">*<\/span><\/label><input type=\"email\" id=\"wpforms-204-field_2\" class=\"wpforms-field-medium wpforms-field-required\" name=\"wpforms[fields][2]\" spellcheck=\"false\" aria-errormessage=\"wpforms-204-field_2-error\" required><\/div><div id=\"wpforms-204-field_4-container\" class=\"wpforms-field wpforms-field-number\" data-field-id=\"4\"><label class=\"wpforms-field-label\" for=\"wpforms-204-field_4\">Num\u00e9ro de t\u00e9l\u00e9phone <span class=\"wpforms-required-label\" aria-hidden=\"true\">*<\/span><\/label><input type=\"number\" id=\"wpforms-204-field_4\" class=\"wpforms-field-medium wpforms-field-required\" name=\"wpforms[fields][4]\" step=\"any\" aria-errormessage=\"wpforms-204-field_4-error\" required><\/div><div id=\"wpforms-204-field_3-container\" class=\"wpforms-field wpforms-field-textarea\" data-field-id=\"3\"><label class=\"wpforms-field-label\" for=\"wpforms-204-field_3\">Commentaire ou message <span class=\"wpforms-required-label\" aria-hidden=\"true\">*<\/span><\/label><textarea id=\"wpforms-204-field_3\" class=\"wpforms-field-medium wpforms-field-required\" name=\"wpforms[fields][3]\" aria-errormessage=\"wpforms-204-field_3-error\" required><\/textarea><\/div><script>\n\t\t\t\t( function() {\n\t\t\t\t\tconst style = document.createElement( 'style' );\n\t\t\t\t\tstyle.appendChild( document.createTextNode( '#wpforms-204-field_5-container { position: absolute !important; overflow: hidden !important; display: inline !important; height: 1px !important; width: 1px !important; z-index: -1000 !important; padding: 0 !important; } #wpforms-204-field_5-container input { visibility: hidden; } #wpforms-conversational-form-page #wpforms-204-field_5-container label { counter-increment: none; }' ) );\n\t\t\t\t\tdocument.head.appendChild( style );\n\t\t\t\t\tdocument.currentScript?.remove();\n\t\t\t\t} )();\n\t\t\t<\/script><\/div><!-- .wpforms-field-container --><div class=\"wpforms-submit-container\" ><input type=\"hidden\" name=\"wpforms[id]\" value=\"204\"><input type=\"hidden\" name=\"page_title\" value=\"\"><input type=\"hidden\" name=\"page_url\" value=\"https:\/\/talentmc.fr\/index.php\/wp-json\/wp\/v2\/pages\/24\"><input type=\"hidden\" name=\"url_referer\" value=\"\"><button type=\"submit\" name=\"wpforms[submit]\" id=\"wpforms-submit-204\" class=\"wpforms-submit\" data-alt-text=\"Envoi...\" data-submit-text=\"Envoyer\" aria-live=\"assertive\" value=\"wpforms-submit\">Envoyer<\/button><img loading=\"lazy\" decoding=\"async\" src=\"https:\/\/talentmc.fr\/wp-content\/plugins\/wpforms-lite\/assets\/images\/submit-spin.svg\" class=\"wpforms-submit-spinner\" style=\"display: none;\" width=\"26\" height=\"26\" alt=\"Chargement en cours\"><\/div><\/form><\/div>  <!-- .wpforms-container --><\/div>\n<\/div>\n<\/div>\n<\/section>\n\n\n\n<section class=\"wp-block-cover alignfull is-light has-custom-content-position is-position-top-center\" style=\"margin-top:0px;padding-top:0rem;padding-bottom:0px;min-height:710px;aspect-ratio:unset;\"><img loading=\"lazy\" decoding=\"async\" width=\"1920\" height=\"2333\" class=\"wp-block-cover__image-background wp-image-221 size-full\" alt=\"\" src=\"https:\/\/talentmc.fr\/wp-content\/uploads\/2026\/02\/alberto-frias-1jsLzh2lKcM-unsplash-1.jpg\" data-object-fit=\"cover\" srcset=\"https:\/\/talentmc.fr\/wp-content\/uploads\/2026\/02\/alberto-frias-1jsLzh2lKcM-unsplash-1.jpg 1920w, https:\/\/talentmc.fr\/wp-content\/uploads\/2026\/02\/alberto-frias-1jsLzh2lKcM-unsplash-1-247x300.jpg 247w, https:\/\/talentmc.fr\/wp-content\/uploads\/2026\/02\/alberto-frias-1jsLzh2lKcM-unsplash-1-843x1024.jpg 843w, https:\/\/talentmc.fr\/wp-content\/uploads\/2026\/02\/alberto-frias-1jsLzh2lKcM-unsplash-1-768x933.jpg 768w, https:\/\/talentmc.fr\/wp-content\/uploads\/2026\/02\/alberto-frias-1jsLzh2lKcM-unsplash-1-1264x1536.jpg 1264w, https:\/\/talentmc.fr\/wp-content\/uploads\/2026\/02\/alberto-frias-1jsLzh2lKcM-unsplash-1-1685x2048.jpg 1685w\" sizes=\"auto, (max-width: 1920px) 100vw, 1920px\" \/><span aria-hidden=\"true\" class=\"wp-block-cover__background has-black-background-color has-background-dim-0 has-background-dim\"><\/span><div class=\"wp-block-cover__inner-container has-global-padding is-layout-constrained wp-container-core-cover-is-layout-e165fa9a wp-block-cover-is-layout-constrained\">\n<div class=\"wp-block-group is-vertical is-content-justification-stretch is-layout-flex wp-container-core-group-is-layout-7e924153 wp-block-group-is-layout-flex\" style=\"margin-top:8%\">\n<h2 class=\"wp-block-heading has-text-align-center has-text-color\" style=\"color:#000000;margin-bottom:1.11rem;font-size:clamp(1.255rem, 1.255rem + ((1vw - 0.2rem) * 1.373), 2.01rem);font-style:normal;font-weight:700;line-height:1.2\">Nos Informations de Contact<\/h2>\n\n\n\n<div class=\"wp-block-group has-global-padding is-layout-constrained wp-container-core-group-is-layout-2218ac57 wp-block-group-is-layout-constrained\" style=\"padding-top:5%;padding-bottom:4.01rem\">\n<div class=\"wp-block-columns is-layout-flex wp-container-core-columns-is-layout-394952b5 wp-block-columns-is-layout-flex\">\n<div class=\"wp-block-column is-vertically-aligned-top has-global-padding is-layout-constrained wp-container-core-column-is-layout-d4f51017 wp-block-column-is-layout-constrained\" style=\"padding-left:1rem\">\n<div class=\"wp-block-columns is-not-stacked-on-mobile is-layout-flex wp-container-core-columns-is-layout-7e464bea wp-block-columns-is-layout-flex\">\n<div class=\"wp-block-column is-layout-flow wp-block-column-is-layout-flow\" style=\"flex-basis:20%\">\n<figure class=\"wp-block-gallery has-nested-images columns-default is-cropped wp-block-gallery-1 is-layout-flex wp-block-gallery-is-layout-flex\">\n<figure class=\"wp-block-image size-large\"><img decoding=\"async\" data-id=\"3042\" src=\"https:\/\/tyler.com\/wp-content\/uploads\/2023\/11\/icon-location-pin.svg\" alt=\"\" class=\"wp-image-3042\"\/><\/figure>\n<\/figure>\n<\/div>\n\n\n\n<div class=\"wp-block-column is-layout-flow wp-block-column-is-layout-flow\" style=\"flex-basis:100%\">\n<h6 class=\"wp-block-heading has-text-align-left has-text-color\" style=\"color:#000000;margin-bottom:0.51rem;font-size:clamp(0.875rem, 0.875rem + ((1vw - 0.2rem) * 0.645), 1.23rem);font-style:normal;font-weight:400;line-height:1.3;text-transform:capitalize\">Adresse<\/h6>\n\n\n\n<p class=\"has-text-align-left has-text-color\" style=\"color:#03081e;margin-top:0px;margin-bottom:0.51rem;font-size:clamp(0.875em, 0.875rem + ((1vw - 0.2em) * 0.064), 0.91em);font-style:normal;font-weight:400;line-height:1.5\">50 Avenue des Champs Elys\u00e9es<\/p>\n\n\n\n<p class=\"has-text-align-left has-text-color\" style=\"color:#03081e;margin-top:0px;font-size:clamp(0.875em, 0.875rem + ((1vw - 0.2em) * 0.064), 0.91em);font-style:normal;font-weight:400;line-height:1.5\">75008 Paris, France<\/p>\n<\/div>\n\n\n\n<div class=\"wp-block-column has-global-padding is-content-justification-right is-layout-constrained wp-container-core-column-is-layout-f1f2ed93 wp-block-column-is-layout-constrained\" style=\"flex-basis:3px\">\n<figure class=\"wp-block-image size-full is-resized\"><img decoding=\"async\" src=\"https:\/\/tyler.com\/wp-content\/uploads\/2023\/11\/column-border90.jpg\" alt=\"\" class=\"wp-image-3044\" style=\"width:1px\"\/><\/figure>\n<\/div>\n<\/div>\n<\/div>\n\n\n\n<div class=\"wp-block-column is-vertically-aligned-top has-global-padding is-layout-constrained wp-container-core-column-is-layout-d4f51017 wp-block-column-is-layout-constrained\" style=\"padding-left:1rem\">\n<div class=\"wp-block-columns is-not-stacked-on-mobile is-layout-flex wp-container-core-columns-is-layout-7e464bea wp-block-columns-is-layout-flex\">\n<div class=\"wp-block-column is-layout-flow wp-block-column-is-layout-flow\" style=\"flex-basis:20%\">\n<figure class=\"wp-block-image size-large is-resized\"><img decoding=\"async\" src=\"https:\/\/tyler.com\/wp-content\/uploads\/2023\/11\/icon-phone.svg\" alt=\"\" class=\"wp-image-3043\" style=\"width:45px\"\/><\/figure>\n<\/div>\n\n\n\n<div class=\"wp-block-column is-layout-flow wp-block-column-is-layout-flow\" style=\"flex-basis:100%\">\n<h6 class=\"wp-block-heading has-text-align-left has-text-color\" style=\"color:#000000;margin-bottom:0.51rem;font-size:clamp(0.875rem, 0.875rem + ((1vw - 0.2rem) * 0.645), 1.23rem);font-style:normal;font-weight:400;line-height:1.3;text-transform:capitalize\">Contact<\/h6>\n\n\n\n<p class=\"has-text-align-left has-text-color has-link-color wp-elements-a3ac8cca32b804b53c76519399d340cf\" style=\"color:#03081e;margin-top:0px;margin-bottom:0.51rem;font-size:clamp(0.875em, 0.875rem + ((1vw - 0.2em) * 0.064), 0.91em);font-style:normal;font-weight:400;line-height:1.5;text-decoration:none\">+33 7 61 31 27 28<\/p>\n\n\n\n<p class=\"has-text-align-left has-text-color has-link-color wp-elements-5c410c9552bba6faef5822e6556da2ba\" style=\"color:#03081e;margin-top:0px;font-size:clamp(0.875em, 0.875rem + ((1vw - 0.2em) * 0.064), 0.91em);font-style:normal;font-weight:400;line-height:1.5;text-decoration:none\">kdekali@talentmc.fr<\/p>\n<\/div>\n\n\n\n<div class=\"wp-block-column has-global-padding is-content-justification-right is-layout-constrained wp-container-core-column-is-layout-f1f2ed93 wp-block-column-is-layout-constrained\" style=\"flex-basis:3px\">\n<figure class=\"wp-block-image size-full is-resized\"><img decoding=\"async\" src=\"https:\/\/tyler.com\/wp-content\/uploads\/2023\/11\/column-border90.jpg\" alt=\"\" class=\"wp-image-3044\" style=\"width:1px\"\/><\/figure>\n<\/div>\n<\/div>\n<\/div>\n<\/div>\n<\/div>\n<\/div>\n<\/div><\/section>\n","protected":false},"excerpt":{"rendered":"<p>Formulaire de Contact Nous avons h\u00e2te d\u2019\u00e9changer avec vous ! Parlons ensemble de votre parcours et de vos talents !<\/p>\n","protected":false},"author":1,"featured_media":0,"parent":0,"menu_order":0,"comment_status":"closed","ping_status":"closed","template":"","meta":{"footnotes":""},"class_list":["post-24","page","type-page","status-publish","hentry"],"_links":{"self":[{"href":"https:\/\/talentmc.fr\/index.php\/wp-json\/wp\/v2\/pages\/24","targetHints":{"allow":["GET"]}}],"collection":[{"href":"https:\/\/talentmc.fr\/index.php\/wp-json\/wp\/v2\/pages"}],"about":[{"href":"https:\/\/talentmc.fr\/index.php\/wp-json\/wp\/v2\/types\/page"}],"author":[{"embeddable":true,"href":"https:\/\/talentmc.fr\/index.php\/wp-json\/wp\/v2\/users\/1"}],"replies":[{"embeddable":true,"href":"https:\/\/talentmc.fr\/index.php\/wp-json\/wp\/v2\/comments?post=24"}],"version-history":[{"count":9,"href":"https:\/\/talentmc.fr\/index.php\/wp-json\/wp\/v2\/pages\/24\/revisions"}],"predecessor-version":[{"id":395,"href":"https:\/\/talentmc.fr\/index.php\/wp-json\/wp\/v2\/pages\/24\/revisions\/395"}],"wp:attachment":[{"href":"https:\/\/talentmc.fr\/index.php\/wp-json\/wp\/v2\/media?parent=24"}],"curies":[{"name":"wp","href":"https:\/\/api.w.org\/{rel}","templated":true}]}}